{"id":1902,"date":"2020-07-07T15:41:54","date_gmt":"2020-07-07T13:41:54","guid":{"rendered":"https:\/\/www.ultra-filter.be\/products\/non%20class\u00e9\/ultra-sep\/"},"modified":"2020-10-22T11:45:31","modified_gmt":"2020-10-22T09:45:31","slug":"ultra-sep","status":"publish","type":"product","link":"https:\/\/www.ultra-filter.be\/fr\/products\/condensate-treatment-fr\/oil-water-separators-fr\/ultra-sep\/","title":{"rendered":"Ultra.sep"},"content":{"rendered":"","protected":false},"excerpt":{"rendered":"<ul>\n<li>S\u00e9pare les condensats d&rsquo;air comprim\u00e9 quelle que soit l&rsquo;huile de compresseur utilis\u00e9e<\/li>\n<li>Peut-\u00eatre utilis\u00e9 pour tous les types de compresseurs<\/li>\n<li>Fonctionnent parfait garanti avec tous les purgeurs de vapeur<\/li>\n<li>Ne n\u00e9cessite pas de d\u00e9canteur de condensat volumineux (r\u00e9duisant ainsi la croissance bact\u00e9rienne)<\/li>\n<li>Changement d&rsquo;\u00e9l\u00e9ment simple et rapide<\/li>\n<li>Indicateur de d\u00e9bordement optique<\/li>\n<\/ul>\n","protected":false},"featured_media":1290,"template":"","meta":[],"product_brand":[],"product_cat":[124,126],"product_tag":[925],"class_list":{"0":"post-1902","1":"product","2":"type-product","3":"status-publish","4":"has-post-thumbnail","6":"product_cat-condensate-treatment-fr","7":"product_cat-oil-water-separators-fr","8":"product_tag-not-via-webshop-fr","10":"first","11":"instock","12":"taxable","13":"shipping-taxable","14":"product-type-simple"},"yoast_head":"<!-- This site is optimized with the Yoast SEO plugin v27.5 - https:\/\/yoast.com\/product\/yoast-seo-wordpress\/ -->\n<title>Ultra.sep - Ultrafilter<\/title>\n<meta name=\"robots\" content=\"index, follow, max-snippet:-1, max-image-preview:large, max-video-preview:-1\" \/>\n<link rel=\"canonical\" href=\"https:\/\/www.ultra-filter.be\/fr\/products\/condensate-treatment-fr\/oil-water-separators-fr\/ultra-sep\/\" \/>\n<meta property=\"og:locale\" content=\"fr_FR\" \/>\n<meta property=\"og:type\" content=\"article\" \/>\n<meta property=\"og:title\" content=\"Ultra.sep - Ultrafilter\" \/>\n<meta property=\"og:description\" content=\"S\u00e9pare les condensats d&#039;air comprim\u00e9 quelle que soit l&#039;huile de compresseur utilis\u00e9e  Peut-\u00eatre utilis\u00e9 pour tous les types de compresseurs  Fonctionnent parfait garanti avec tous les purgeurs de vapeur  Ne n\u00e9cessite pas de d\u00e9canteur de condensat volumineux (r\u00e9duisant ainsi la croissance bact\u00e9rienne)  Changement d&#039;\u00e9l\u00e9ment simple et rapide  Indicateur de d\u00e9bordement optique\" \/>\n<meta property=\"og:url\" content=\"https:\/\/www.ultra-filter.be\/fr\/products\/condensate-treatment-fr\/oil-water-separators-fr\/ultra-sep\/\" \/>\n<meta property=\"og:site_name\" content=\"Ultrafilter\" \/>\n<meta property=\"article:modified_time\" content=\"2020-10-22T09:45:31+00:00\" \/>\n<meta property=\"og:image\" content=\"https:\/\/www.ultra-filter.be\/wp-content\/uploads\/2020\/07\/ultrasep.png\" \/>\n\t<meta property=\"og:image:width\" content=\"800\" \/>\n\t<meta property=\"og:image:height\" content=\"800\" \/>\n\t<meta property=\"og:image:type\" content=\"image\/png\" \/>\n<meta name=\"twitter:card\" content=\"summary_large_image\" \/>\n<script type=\"application\/ld+json\" class=\"yoast-schema-graph\">{\"@context\":\"https:\\\/\\\/schema.org\",\"@graph\":[{\"@type\":\"WebPage\",\"@id\":\"https:\\\/\\\/www.ultra-filter.be\\\/fr\\\/products\\\/condensate-treatment-fr\\\/oil-water-separators-fr\\\/ultra-sep\\\/\",\"url\":\"https:\\\/\\\/www.ultra-filter.be\\\/fr\\\/products\\\/condensate-treatment-fr\\\/oil-water-separators-fr\\\/ultra-sep\\\/\",\"name\":\"Ultra.sep - Ultrafilter\",\"isPartOf\":{\"@id\":\"https:\\\/\\\/www.ultra-filter.be\\\/fr\\\/#website\"},\"primaryImageOfPage\":{\"@id\":\"https:\\\/\\\/www.ultra-filter.be\\\/fr\\\/products\\\/condensate-treatment-fr\\\/oil-water-separators-fr\\\/ultra-sep\\\/#primaryimage\"},\"image\":{\"@id\":\"https:\\\/\\\/www.ultra-filter.be\\\/fr\\\/products\\\/condensate-treatment-fr\\\/oil-water-separators-fr\\\/ultra-sep\\\/#primaryimage\"},\"thumbnailUrl\":\"https:\\\/\\\/www.ultra-filter.be\\\/wp-content\\\/uploads\\\/2020\\\/07\\\/ultrasep.png\",\"datePublished\":\"2020-07-07T13:41:54+00:00\",\"dateModified\":\"2020-10-22T09:45:31+00:00\",\"breadcrumb\":{\"@id\":\"https:\\\/\\\/www.ultra-filter.be\\\/fr\\\/products\\\/condensate-treatment-fr\\\/oil-water-separators-fr\\\/ultra-sep\\\/#breadcrumb\"},\"inLanguage\":\"fr-FR\",\"potentialAction\":[{\"@type\":\"ReadAction\",\"target\":[\"https:\\\/\\\/www.ultra-filter.be\\\/fr\\\/products\\\/condensate-treatment-fr\\\/oil-water-separators-fr\\\/ultra-sep\\\/\"]}]},{\"@type\":\"ImageObject\",\"inLanguage\":\"fr-FR\",\"@id\":\"https:\\\/\\\/www.ultra-filter.be\\\/fr\\\/products\\\/condensate-treatment-fr\\\/oil-water-separators-fr\\\/ultra-sep\\\/#primaryimage\",\"url\":\"https:\\\/\\\/www.ultra-filter.be\\\/wp-content\\\/uploads\\\/2020\\\/07\\\/ultrasep.png\",\"contentUrl\":\"https:\\\/\\\/www.ultra-filter.be\\\/wp-content\\\/uploads\\\/2020\\\/07\\\/ultrasep.png\",\"width\":800,\"height\":800},{\"@type\":\"BreadcrumbList\",\"@id\":\"https:\\\/\\\/www.ultra-filter.be\\\/fr\\\/products\\\/condensate-treatment-fr\\\/oil-water-separators-fr\\\/ultra-sep\\\/#breadcrumb\",\"itemListElement\":[{\"@type\":\"ListItem\",\"position\":1,\"name\":\"Home\",\"item\":\"https:\\\/\\\/www.ultra-filter.be\\\/fr\\\/\"},{\"@type\":\"ListItem\",\"position\":2,\"name\":\"Shop\",\"item\":\"https:\\\/\\\/www.ultra-filter.be\\\/fr\\\/shop\\\/\"},{\"@type\":\"ListItem\",\"position\":3,\"name\":\"Ultra.sep\"}]},{\"@type\":\"WebSite\",\"@id\":\"https:\\\/\\\/www.ultra-filter.be\\\/fr\\\/#website\",\"url\":\"https:\\\/\\\/www.ultra-filter.be\\\/fr\\\/\",\"name\":\"Ultrafilter\",\"description\":\"The filtration manufacturer\",\"potentialAction\":[{\"@type\":\"SearchAction\",\"target\":{\"@type\":\"EntryPoint\",\"urlTemplate\":\"https:\\\/\\\/www.ultra-filter.be\\\/fr\\\/?s={search_term_string}\"},\"query-input\":{\"@type\":\"PropertyValueSpecification\",\"valueRequired\":true,\"valueName\":\"search_term_string\"}}],\"inLanguage\":\"fr-FR\"}]}<\/script>\n<!-- \/ Yoast SEO plugin. -->","yoast_head_json":{"title":"Ultra.sep - Ultrafilter","robots":{"index":"index","follow":"follow","max-snippet":"max-snippet:-1","max-image-preview":"max-image-preview:large","max-video-preview":"max-video-preview:-1"},"canonical":"https:\/\/www.ultra-filter.be\/fr\/products\/condensate-treatment-fr\/oil-water-separators-fr\/ultra-sep\/","og_locale":"fr_FR","og_type":"article","og_title":"Ultra.sep - Ultrafilter","og_description":"S\u00e9pare les condensats d'air comprim\u00e9 quelle que soit l'huile de compresseur utilis\u00e9e  Peut-\u00eatre utilis\u00e9 pour tous les types de compresseurs  Fonctionnent parfait garanti avec tous les purgeurs de vapeur  Ne n\u00e9cessite pas de d\u00e9canteur de condensat volumineux (r\u00e9duisant ainsi la croissance bact\u00e9rienne)  Changement d'\u00e9l\u00e9ment simple et rapide  Indicateur de d\u00e9bordement optique","og_url":"https:\/\/www.ultra-filter.be\/fr\/products\/condensate-treatment-fr\/oil-water-separators-fr\/ultra-sep\/","og_site_name":"Ultrafilter","article_modified_time":"2020-10-22T09:45:31+00:00","og_image":[{"width":800,"height":800,"url":"https:\/\/www.ultra-filter.be\/wp-content\/uploads\/2020\/07\/ultrasep.png","type":"image\/png"}],"twitter_card":"summary_large_image","schema":{"@context":"https:\/\/schema.org","@graph":[{"@type":"WebPage","@id":"https:\/\/www.ultra-filter.be\/fr\/products\/condensate-treatment-fr\/oil-water-separators-fr\/ultra-sep\/","url":"https:\/\/www.ultra-filter.be\/fr\/products\/condensate-treatment-fr\/oil-water-separators-fr\/ultra-sep\/","name":"Ultra.sep - Ultrafilter","isPartOf":{"@id":"https:\/\/www.ultra-filter.be\/fr\/#website"},"primaryImageOfPage":{"@id":"https:\/\/www.ultra-filter.be\/fr\/products\/condensate-treatment-fr\/oil-water-separators-fr\/ultra-sep\/#primaryimage"},"image":{"@id":"https:\/\/www.ultra-filter.be\/fr\/products\/condensate-treatment-fr\/oil-water-separators-fr\/ultra-sep\/#primaryimage"},"thumbnailUrl":"https:\/\/www.ultra-filter.be\/wp-content\/uploads\/2020\/07\/ultrasep.png","datePublished":"2020-07-07T13:41:54+00:00","dateModified":"2020-10-22T09:45:31+00:00","breadcrumb":{"@id":"https:\/\/www.ultra-filter.be\/fr\/products\/condensate-treatment-fr\/oil-water-separators-fr\/ultra-sep\/#breadcrumb"},"inLanguage":"fr-FR","potentialAction":[{"@type":"ReadAction","target":["https:\/\/www.ultra-filter.be\/fr\/products\/condensate-treatment-fr\/oil-water-separators-fr\/ultra-sep\/"]}]},{"@type":"ImageObject","inLanguage":"fr-FR","@id":"https:\/\/www.ultra-filter.be\/fr\/products\/condensate-treatment-fr\/oil-water-separators-fr\/ultra-sep\/#primaryimage","url":"https:\/\/www.ultra-filter.be\/wp-content\/uploads\/2020\/07\/ultrasep.png","contentUrl":"https:\/\/www.ultra-filter.be\/wp-content\/uploads\/2020\/07\/ultrasep.png","width":800,"height":800},{"@type":"BreadcrumbList","@id":"https:\/\/www.ultra-filter.be\/fr\/products\/condensate-treatment-fr\/oil-water-separators-fr\/ultra-sep\/#breadcrumb","itemListElement":[{"@type":"ListItem","position":1,"name":"Home","item":"https:\/\/www.ultra-filter.be\/fr\/"},{"@type":"ListItem","position":2,"name":"Shop","item":"https:\/\/www.ultra-filter.be\/fr\/shop\/"},{"@type":"ListItem","position":3,"name":"Ultra.sep"}]},{"@type":"WebSite","@id":"https:\/\/www.ultra-filter.be\/fr\/#website","url":"https:\/\/www.ultra-filter.be\/fr\/","name":"Ultrafilter","description":"The filtration manufacturer","potentialAction":[{"@type":"SearchAction","target":{"@type":"EntryPoint","urlTemplate":"https:\/\/www.ultra-filter.be\/fr\/?s={search_term_string}"},"query-input":{"@type":"PropertyValueSpecification","valueRequired":true,"valueName":"search_term_string"}}],"inLanguage":"fr-FR"}]}},"_links":{"self":[{"href":"https:\/\/www.ultra-filter.be\/fr\/wp-json\/wp\/v2\/product\/1902","targetHints":{"allow":["GET"]}}],"collection":[{"href":"https:\/\/www.ultra-filter.be\/fr\/wp-json\/wp\/v2\/product"}],"about":[{"href":"https:\/\/www.ultra-filter.be\/fr\/wp-json\/wp\/v2\/types\/product"}],"wp:featuredmedia":[{"embeddable":true,"href":"https:\/\/www.ultra-filter.be\/fr\/wp-json\/wp\/v2\/media\/1290"}],"wp:attachment":[{"href":"https:\/\/www.ultra-filter.be\/fr\/wp-json\/wp\/v2\/media?parent=1902"}],"wp:term":[{"taxonomy":"product_brand","embeddable":true,"href":"https:\/\/www.ultra-filter.be\/fr\/wp-json\/wp\/v2\/product_brand?post=1902"},{"taxonomy":"product_cat","embeddable":true,"href":"https:\/\/www.ultra-filter.be\/fr\/wp-json\/wp\/v2\/product_cat?post=1902"},{"taxonomy":"product_tag","embeddable":true,"href":"https:\/\/www.ultra-filter.be\/fr\/wp-json\/wp\/v2\/product_tag?post=1902"}],"curies":[{"name":"wp","href":"https:\/\/api.w.org\/{rel}","templated":true}]}}