{"id":4213,"date":"2021-03-25T08:31:48","date_gmt":"2021-03-25T07:31:50","guid":{"rendered":"https:\/\/www.ultra-filter.be\/?post_type=product&#038;p=4213"},"modified":"2021-06-23T11:32:23","modified_gmt":"2021-06-23T09:32:23","slug":"boitier-de-filtre-p-srf-n","status":"publish","type":"product","link":"https:\/\/www.ultra-filter.be\/fr\/products\/process-filtration-fr\/sterile-filter-p-srf-fr\/boitier-de-filtre-p-srf-n\/","title":{"rendered":"Bo\u00eetier de filtre P-SRF-N"},"content":{"rendered":"","protected":false},"excerpt":{"rendered":"<p>Les bo\u00eetiers en acier inoxydable P-SRF-N sont disponibles pour correspondre aux filtres st\u00e9riles. La s\u00e9rie se compose de 12 bo\u00eetiers simples (1 \u00e9l\u00e9ment filtrant) et de 6 bo\u00eetiers multiples (3 &#8211; 10 \u00e9l\u00e9ments filtrants).<br \/>\nLes deux variantes de bo\u00eetier sont disponibles en acier inoxydable 1.4301 (V2A) et 1.4404 (V4A).<\/p>\n<p>Ces bo\u00eetiers sont \u00e9quip\u00e9s de l&rsquo;\u00e9l\u00e9ment filtrant P-SRF-CU<\/p>\n<p>Tous les bo\u00eetiers sont \u00e9quip\u00e9s de connecteurs UF pour les \u00e9l\u00e9ments filtrants de l&rsquo;ultrafiltre.<\/p>\n<p>Conception, test et fabrication selon AD2000.<br \/>\nLe bo\u00eetier est class\u00e9 et approuv\u00e9 conform\u00e9ment \u00e0 la DESP 97\/23\/EG pour les fluides du groupe 2.<\/p>\n<p>Prices for the 1.4404 (V4A) stainless steel version are available on request.<\/p>\n<p><strong>Lead time: Stock dependant<\/strong><\/p>\n","protected":false},"featured_media":1181,"template":"","meta":[],"product_brand":[],"product_cat":[113,115],"product_tag":[],"class_list":{"0":"post-4213","1":"product","2":"type-product","3":"status-publish","4":"has-post-thumbnail","6":"product_cat-process-filtration-fr","7":"product_cat-sterile-filter-p-srf-fr","9":"first","10":"instock","11":"taxable","12":"shipping-taxable","13":"purchasable","14":"product-type-variable"},"yoast_head":"<!-- This site is optimized with the Yoast SEO plugin v27.5 - https:\/\/yoast.com\/product\/yoast-seo-wordpress\/ -->\n<title>Bo\u00eetier de filtre P-SRF-N - Ultrafilter<\/title>\n<meta name=\"robots\" content=\"index, follow, max-snippet:-1, max-image-preview:large, max-video-preview:-1\" \/>\n<link rel=\"canonical\" href=\"https:\/\/www.ultra-filter.be\/fr\/products\/process-filtration-fr\/sterile-filter-p-srf-fr\/boitier-de-filtre-p-srf-n\/\" \/>\n<meta property=\"og:locale\" content=\"fr_FR\" \/>\n<meta property=\"og:type\" content=\"article\" \/>\n<meta property=\"og:title\" content=\"Bo\u00eetier de filtre P-SRF-N - Ultrafilter\" \/>\n<meta property=\"og:description\" content=\"Les bo\u00eetiers en acier inoxydable P-SRF-N sont disponibles pour correspondre aux filtres st\u00e9riles. La s\u00e9rie se compose de 12 bo\u00eetiers simples (1 \u00e9l\u00e9ment filtrant) et de 6 bo\u00eetiers multiples (3 - 10 \u00e9l\u00e9ments filtrants). Les deux variantes de bo\u00eetier sont disponibles en acier inoxydable 1.4301 (V2A) et 1.4404 (V4A).  Ces bo\u00eetiers sont \u00e9quip\u00e9s de l&#039;\u00e9l\u00e9ment filtrant P-SRF-CU  Tous les bo\u00eetiers sont \u00e9quip\u00e9s de connecteurs UF pour les \u00e9l\u00e9ments filtrants de l&#039;ultrafiltre.  Conception, test et fabrication selon AD2000. Le bo\u00eetier est class\u00e9 et approuv\u00e9 conform\u00e9ment \u00e0 la DESP 97\/23\/EG pour les fluides du groupe 2.  Prices for the 1.4404 (V4A) stainless steel version are available on request.  Lead time: Stock dependant\" \/>\n<meta property=\"og:url\" content=\"https:\/\/www.ultra-filter.be\/fr\/products\/process-filtration-fr\/sterile-filter-p-srf-fr\/boitier-de-filtre-p-srf-n\/\" \/>\n<meta property=\"og:site_name\" content=\"Ultrafilter\" \/>\n<meta property=\"article:modified_time\" content=\"2021-06-23T09:32:23+00:00\" \/>\n<meta property=\"og:image\" content=\"https:\/\/www.ultra-filter.be\/wp-content\/uploads\/2020\/07\/peg.png\" \/>\n\t<meta property=\"og:image:width\" content=\"800\" \/>\n\t<meta property=\"og:image:height\" content=\"800\" \/>\n\t<meta property=\"og:image:type\" content=\"image\/png\" \/>\n<meta name=\"twitter:card\" content=\"summary_large_image\" \/>\n<script type=\"application\/ld+json\" class=\"yoast-schema-graph\">{\"@context\":\"https:\\\/\\\/schema.org\",\"@graph\":[{\"@type\":\"WebPage\",\"@id\":\"https:\\\/\\\/www.ultra-filter.be\\\/fr\\\/products\\\/process-filtration-fr\\\/sterile-filter-p-srf-fr\\\/boitier-de-filtre-p-srf-n\\\/\",\"url\":\"https:\\\/\\\/www.ultra-filter.be\\\/fr\\\/products\\\/process-filtration-fr\\\/sterile-filter-p-srf-fr\\\/boitier-de-filtre-p-srf-n\\\/\",\"name\":\"Bo\u00eetier de filtre P-SRF-N - Ultrafilter\",\"isPartOf\":{\"@id\":\"https:\\\/\\\/www.ultra-filter.be\\\/fr\\\/#website\"},\"primaryImageOfPage\":{\"@id\":\"https:\\\/\\\/www.ultra-filter.be\\\/fr\\\/products\\\/process-filtration-fr\\\/sterile-filter-p-srf-fr\\\/boitier-de-filtre-p-srf-n\\\/#primaryimage\"},\"image\":{\"@id\":\"https:\\\/\\\/www.ultra-filter.be\\\/fr\\\/products\\\/process-filtration-fr\\\/sterile-filter-p-srf-fr\\\/boitier-de-filtre-p-srf-n\\\/#primaryimage\"},\"thumbnailUrl\":\"https:\\\/\\\/www.ultra-filter.be\\\/wp-content\\\/uploads\\\/2020\\\/07\\\/peg.png\",\"datePublished\":\"2021-03-25T07:31:50+00:00\",\"dateModified\":\"2021-06-23T09:32:23+00:00\",\"breadcrumb\":{\"@id\":\"https:\\\/\\\/www.ultra-filter.be\\\/fr\\\/products\\\/process-filtration-fr\\\/sterile-filter-p-srf-fr\\\/boitier-de-filtre-p-srf-n\\\/#breadcrumb\"},\"inLanguage\":\"fr-FR\",\"potentialAction\":[{\"@type\":\"ReadAction\",\"target\":[\"https:\\\/\\\/www.ultra-filter.be\\\/fr\\\/products\\\/process-filtration-fr\\\/sterile-filter-p-srf-fr\\\/boitier-de-filtre-p-srf-n\\\/\"]}]},{\"@type\":\"ImageObject\",\"inLanguage\":\"fr-FR\",\"@id\":\"https:\\\/\\\/www.ultra-filter.be\\\/fr\\\/products\\\/process-filtration-fr\\\/sterile-filter-p-srf-fr\\\/boitier-de-filtre-p-srf-n\\\/#primaryimage\",\"url\":\"https:\\\/\\\/www.ultra-filter.be\\\/wp-content\\\/uploads\\\/2020\\\/07\\\/peg.png\",\"contentUrl\":\"https:\\\/\\\/www.ultra-filter.be\\\/wp-content\\\/uploads\\\/2020\\\/07\\\/peg.png\",\"width\":800,\"height\":800},{\"@type\":\"BreadcrumbList\",\"@id\":\"https:\\\/\\\/www.ultra-filter.be\\\/fr\\\/products\\\/process-filtration-fr\\\/sterile-filter-p-srf-fr\\\/boitier-de-filtre-p-srf-n\\\/#breadcrumb\",\"itemListElement\":[{\"@type\":\"ListItem\",\"position\":1,\"name\":\"Home\",\"item\":\"https:\\\/\\\/www.ultra-filter.be\\\/fr\\\/\"},{\"@type\":\"ListItem\",\"position\":2,\"name\":\"Shop\",\"item\":\"https:\\\/\\\/www.ultra-filter.be\\\/fr\\\/shop\\\/\"},{\"@type\":\"ListItem\",\"position\":3,\"name\":\"Bo\u00eetier de filtre P-SRF-N\"}]},{\"@type\":\"WebSite\",\"@id\":\"https:\\\/\\\/www.ultra-filter.be\\\/fr\\\/#website\",\"url\":\"https:\\\/\\\/www.ultra-filter.be\\\/fr\\\/\",\"name\":\"Ultrafilter\",\"description\":\"The filtration manufacturer\",\"potentialAction\":[{\"@type\":\"SearchAction\",\"target\":{\"@type\":\"EntryPoint\",\"urlTemplate\":\"https:\\\/\\\/www.ultra-filter.be\\\/fr\\\/?s={search_term_string}\"},\"query-input\":{\"@type\":\"PropertyValueSpecification\",\"valueRequired\":true,\"valueName\":\"search_term_string\"}}],\"inLanguage\":\"fr-FR\"}]}<\/script>\n<!-- \/ Yoast SEO plugin. -->","yoast_head_json":{"title":"Bo\u00eetier de filtre P-SRF-N - Ultrafilter","robots":{"index":"index","follow":"follow","max-snippet":"max-snippet:-1","max-image-preview":"max-image-preview:large","max-video-preview":"max-video-preview:-1"},"canonical":"https:\/\/www.ultra-filter.be\/fr\/products\/process-filtration-fr\/sterile-filter-p-srf-fr\/boitier-de-filtre-p-srf-n\/","og_locale":"fr_FR","og_type":"article","og_title":"Bo\u00eetier de filtre P-SRF-N - Ultrafilter","og_description":"Les bo\u00eetiers en acier inoxydable P-SRF-N sont disponibles pour correspondre aux filtres st\u00e9riles. La s\u00e9rie se compose de 12 bo\u00eetiers simples (1 \u00e9l\u00e9ment filtrant) et de 6 bo\u00eetiers multiples (3 - 10 \u00e9l\u00e9ments filtrants). Les deux variantes de bo\u00eetier sont disponibles en acier inoxydable 1.4301 (V2A) et 1.4404 (V4A).  Ces bo\u00eetiers sont \u00e9quip\u00e9s de l'\u00e9l\u00e9ment filtrant P-SRF-CU  Tous les bo\u00eetiers sont \u00e9quip\u00e9s de connecteurs UF pour les \u00e9l\u00e9ments filtrants de l'ultrafiltre.  Conception, test et fabrication selon AD2000. Le bo\u00eetier est class\u00e9 et approuv\u00e9 conform\u00e9ment \u00e0 la DESP 97\/23\/EG pour les fluides du groupe 2.  Prices for the 1.4404 (V4A) stainless steel version are available on request.  Lead time: Stock dependant","og_url":"https:\/\/www.ultra-filter.be\/fr\/products\/process-filtration-fr\/sterile-filter-p-srf-fr\/boitier-de-filtre-p-srf-n\/","og_site_name":"Ultrafilter","article_modified_time":"2021-06-23T09:32:23+00:00","og_image":[{"width":800,"height":800,"url":"https:\/\/www.ultra-filter.be\/wp-content\/uploads\/2020\/07\/peg.png","type":"image\/png"}],"twitter_card":"summary_large_image","schema":{"@context":"https:\/\/schema.org","@graph":[{"@type":"WebPage","@id":"https:\/\/www.ultra-filter.be\/fr\/products\/process-filtration-fr\/sterile-filter-p-srf-fr\/boitier-de-filtre-p-srf-n\/","url":"https:\/\/www.ultra-filter.be\/fr\/products\/process-filtration-fr\/sterile-filter-p-srf-fr\/boitier-de-filtre-p-srf-n\/","name":"Bo\u00eetier de filtre P-SRF-N - Ultrafilter","isPartOf":{"@id":"https:\/\/www.ultra-filter.be\/fr\/#website"},"primaryImageOfPage":{"@id":"https:\/\/www.ultra-filter.be\/fr\/products\/process-filtration-fr\/sterile-filter-p-srf-fr\/boitier-de-filtre-p-srf-n\/#primaryimage"},"image":{"@id":"https:\/\/www.ultra-filter.be\/fr\/products\/process-filtration-fr\/sterile-filter-p-srf-fr\/boitier-de-filtre-p-srf-n\/#primaryimage"},"thumbnailUrl":"https:\/\/www.ultra-filter.be\/wp-content\/uploads\/2020\/07\/peg.png","datePublished":"2021-03-25T07:31:50+00:00","dateModified":"2021-06-23T09:32:23+00:00","breadcrumb":{"@id":"https:\/\/www.ultra-filter.be\/fr\/products\/process-filtration-fr\/sterile-filter-p-srf-fr\/boitier-de-filtre-p-srf-n\/#breadcrumb"},"inLanguage":"fr-FR","potentialAction":[{"@type":"ReadAction","target":["https:\/\/www.ultra-filter.be\/fr\/products\/process-filtration-fr\/sterile-filter-p-srf-fr\/boitier-de-filtre-p-srf-n\/"]}]},{"@type":"ImageObject","inLanguage":"fr-FR","@id":"https:\/\/www.ultra-filter.be\/fr\/products\/process-filtration-fr\/sterile-filter-p-srf-fr\/boitier-de-filtre-p-srf-n\/#primaryimage","url":"https:\/\/www.ultra-filter.be\/wp-content\/uploads\/2020\/07\/peg.png","contentUrl":"https:\/\/www.ultra-filter.be\/wp-content\/uploads\/2020\/07\/peg.png","width":800,"height":800},{"@type":"BreadcrumbList","@id":"https:\/\/www.ultra-filter.be\/fr\/products\/process-filtration-fr\/sterile-filter-p-srf-fr\/boitier-de-filtre-p-srf-n\/#breadcrumb","itemListElement":[{"@type":"ListItem","position":1,"name":"Home","item":"https:\/\/www.ultra-filter.be\/fr\/"},{"@type":"ListItem","position":2,"name":"Shop","item":"https:\/\/www.ultra-filter.be\/fr\/shop\/"},{"@type":"ListItem","position":3,"name":"Bo\u00eetier de filtre P-SRF-N"}]},{"@type":"WebSite","@id":"https:\/\/www.ultra-filter.be\/fr\/#website","url":"https:\/\/www.ultra-filter.be\/fr\/","name":"Ultrafilter","description":"The filtration manufacturer","potentialAction":[{"@type":"SearchAction","target":{"@type":"EntryPoint","urlTemplate":"https:\/\/www.ultra-filter.be\/fr\/?s={search_term_string}"},"query-input":{"@type":"PropertyValueSpecification","valueRequired":true,"valueName":"search_term_string"}}],"inLanguage":"fr-FR"}]}},"_links":{"self":[{"href":"https:\/\/www.ultra-filter.be\/fr\/wp-json\/wp\/v2\/product\/4213","targetHints":{"allow":["GET"]}}],"collection":[{"href":"https:\/\/www.ultra-filter.be\/fr\/wp-json\/wp\/v2\/product"}],"about":[{"href":"https:\/\/www.ultra-filter.be\/fr\/wp-json\/wp\/v2\/types\/product"}],"wp:featuredmedia":[{"embeddable":true,"href":"https:\/\/www.ultra-filter.be\/fr\/wp-json\/wp\/v2\/media\/1181"}],"wp:attachment":[{"href":"https:\/\/www.ultra-filter.be\/fr\/wp-json\/wp\/v2\/media?parent=4213"}],"wp:term":[{"taxonomy":"product_brand","embeddable":true,"href":"https:\/\/www.ultra-filter.be\/fr\/wp-json\/wp\/v2\/product_brand?post=4213"},{"taxonomy":"product_cat","embeddable":true,"href":"https:\/\/www.ultra-filter.be\/fr\/wp-json\/wp\/v2\/product_cat?post=4213"},{"taxonomy":"product_tag","embeddable":true,"href":"https:\/\/www.ultra-filter.be\/fr\/wp-json\/wp\/v2\/product_tag?post=4213"}],"curies":[{"name":"wp","href":"https:\/\/api.w.org\/{rel}","templated":true}]}}